{"id":675,"date":"2023-09-25T13:37:48","date_gmt":"2023-09-25T11:37:48","guid":{"rendered":"https:\/\/dissalud.com\/?page_id=675"},"modified":"2023-12-11T13:07:10","modified_gmt":"2023-12-11T12:07:10","slug":"politica-de-cookies","status":"publish","type":"page","link":"https:\/\/dissalud.com\/es\/politica-de-cookies\/","title":{"rendered":"Pol\u00edtica de cookies"},"content":{"rendered":"<p><div class=\"fusion-fullwidth fullwidth-box fusion-builder-row-1 fusion-flex-container has-pattern-background has-mask-background hundred-percent-fullwidth non-hundred-percent-height-scrolling\" style=\"--awb-border-sizes-top:0px;--awb-border-sizes-bottom:0px;--awb-border-sizes-left:0px;--awb-border-sizes-right:0px;--awb-border-radius-top-left:0px;--awb-border-radius-top-right:0px;--awb-border-radius-bottom-right:0px;--awb-border-radius-bottom-left:0px;--awb-padding-top:0px;--awb-padding-right:0px;--awb-padding-bottom:0px;--awb-padding-left:0px;--awb-margin-top:-60px;--awb-margin-bottom:0px;--awb-background-color:var(--awb-color4);--awb-flex-wrap:wrap;\" ><div class=\"fusion-builder-row fusion-row fusion-flex-align-items-center fusion-flex-justify-content-center fusion-flex-content-wrap\" style=\"width:104% !important;max-width:104% !important;margin-left: calc(-4% \/ 2 );margin-right: calc(-4% \/ 2 );\"><div class=\"fusion-layout-column fusion_builder_column fusion-builder-column-0 fusion-flex-column fusion-flex-align-self-stretch\" style=\"--awb-padding-top:50px;--awb-padding-right:50px;--awb-padding-bottom:50px;--awb-padding-left:300px;--awb-padding-top-small:10px;--awb-padding-bottom-small:10px;--awb-bg-color:var(--awb-color4);--awb-bg-color-hover:var(--awb-color4);--awb-bg-size:cover;--awb-width-large:15%;--awb-margin-top-large:0px;--awb-spacing-right-large:0px;--awb-margin-bottom-large:0px;--awb-spacing-left-large:0px;--awb-width-medium:15%;--awb-order-medium:0;--awb-spacing-right-medium:0px;--awb-spacing-left-medium:0px;--awb-width-small:100%;--awb-order-small:0;--awb-spacing-right-small:1.92%;--awb-spacing-left-small:1.92%;\" data-motion-effects=\"[{&quot;type&quot;:&quot;&quot;,&quot;scroll_type&quot;:&quot;transition&quot;,&quot;scroll_direction&quot;:&quot;up&quot;,&quot;transition_speed&quot;:&quot;1&quot;,&quot;fade_type&quot;:&quot;in&quot;,&quot;scale_type&quot;:&quot;up&quot;,&quot;initial_scale&quot;:&quot;1&quot;,&quot;max_scale&quot;:&quot;1.5&quot;,&quot;min_scale&quot;:&quot;0.5&quot;,&quot;initial_rotate&quot;:&quot;0&quot;,&quot;end_rotate&quot;:&quot;30&quot;,&quot;initial_blur&quot;:&quot;0&quot;,&quot;end_blur&quot;:&quot;3&quot;,&quot;start_element&quot;:&quot;top&quot;,&quot;start_viewport&quot;:&quot;bottom&quot;,&quot;end_element&quot;:&quot;bottom&quot;,&quot;end_viewport&quot;:&quot;top&quot;,&quot;mouse_effect&quot;:&quot;track&quot;,&quot;mouse_effect_direction&quot;:&quot;opposite&quot;,&quot;mouse_effect_speed&quot;:&quot;2&quot;,&quot;infinite_animation&quot;:&quot;float&quot;,&quot;infinite_animation_speed&quot;:&quot;2&quot;}]\" data-scroll-devices=\"small-visibility,medium-visibility,large-visibility\"><div class=\"fusion-column-wrapper fusion-column-has-shadow fusion-flex-justify-content-center fusion-content-layout-column\"><\/div><\/div><div class=\"fusion-layout-column fusion_builder_column fusion-builder-column-1 fusion-flex-column fusion-flex-align-self-stretch\" style=\"--awb-padding-top:50px;--awb-padding-right:50px;--awb-padding-bottom:50px;--awb-padding-left:100px;--awb-padding-right-small:0px;--awb-padding-left-small:10%;--awb-bg-color:var(--awb-color5);--awb-bg-color-hover:var(--awb-color5);--awb-bg-size:cover;--awb-width-large:35%;--awb-margin-top-large:0px;--awb-spacing-right-large:0px;--awb-margin-bottom-large:0px;--awb-spacing-left-large:0px;--awb-width-medium:35%;--awb-order-medium:0;--awb-spacing-right-medium:0px;--awb-spacing-left-medium:0px;--awb-width-small:100%;--awb-order-small:0;--awb-spacing-right-small:1.92%;--awb-spacing-left-small:1.92%;\" data-motion-effects=\"[{&quot;type&quot;:&quot;&quot;,&quot;scroll_type&quot;:&quot;transition&quot;,&quot;scroll_direction&quot;:&quot;up&quot;,&quot;transition_speed&quot;:&quot;1&quot;,&quot;fade_type&quot;:&quot;in&quot;,&quot;scale_type&quot;:&quot;up&quot;,&quot;initial_scale&quot;:&quot;1&quot;,&quot;max_scale&quot;:&quot;1.5&quot;,&quot;min_scale&quot;:&quot;0.5&quot;,&quot;initial_rotate&quot;:&quot;0&quot;,&quot;end_rotate&quot;:&quot;30&quot;,&quot;initial_blur&quot;:&quot;0&quot;,&quot;end_blur&quot;:&quot;3&quot;,&quot;start_element&quot;:&quot;top&quot;,&quot;start_viewport&quot;:&quot;bottom&quot;,&quot;end_element&quot;:&quot;bottom&quot;,&quot;end_viewport&quot;:&quot;top&quot;,&quot;mouse_effect&quot;:&quot;track&quot;,&quot;mouse_effect_direction&quot;:&quot;opposite&quot;,&quot;mouse_effect_speed&quot;:&quot;2&quot;,&quot;infinite_animation&quot;:&quot;float&quot;,&quot;infinite_animation_speed&quot;:&quot;2&quot;}]\" data-scroll-devices=\"small-visibility,medium-visibility,large-visibility\"><div class=\"fusion-column-wrapper fusion-column-has-shadow fusion-flex-justify-content-flex-end fusion-content-layout-column\"><div class=\"fusion-title title fusion-title-1 fusion-sep-none fusion-title-text fusion-title-size-one\" style=\"--awb-text-color:var(--awb-color1);--awb-font-size:40px;\"><h1 class=\"fusion-title-heading title-heading-left fusion-responsive-typography-calculated\" style=\"font-family:var(--awb-typography1-font-family);font-weight:var(--awb-typography1-font-weight);font-style:var(--awb-typography1-font-style);margin:0;font-size:1em;letter-spacing:var(--awb-typography1-letter-spacing);text-transform:var(--awb-typography1-text-transform);--fontSize:40;line-height:var(--awb-typography1-line-height);\"><p class=\"p1\">Pol\u00edtica de cookies<\/p><\/h1><\/div><div class=\"fusion-separator fusion-full-width-sep\" style=\"align-self: center;margin-left: auto;margin-right: auto;margin-top:10px;margin-bottom:10px;width:100%;\"><div class=\"fusion-separator-border sep-single sep-solid\" style=\"--awb-height:20px;--awb-amount:20px;--awb-sep-color:var(--awb-color1);border-color:var(--awb-color1);border-top-width:1px;\"><\/div><\/div><\/div><\/div><div class=\"fusion-layout-column fusion_builder_column fusion-builder-column-2 fusion_builder_column_1_2 1_2 fusion-flex-column fusion-flex-align-self-stretch\" style=\"--awb-bg-position:center center;--awb-bg-size:cover;--awb-width-large:50%;--awb-margin-top-large:0px;--awb-spacing-right-large:0px;--awb-margin-bottom-large:0px;--awb-spacing-left-large:0px;--awb-width-medium:50%;--awb-order-medium:0;--awb-spacing-right-medium:0px;--awb-spacing-left-medium:0px;--awb-width-small:100%;--awb-order-small:0;--awb-spacing-right-small:1.92%;--awb-spacing-left-small:1.92%;\" data-motion-effects=\"[{&quot;type&quot;:&quot;&quot;,&quot;scroll_type&quot;:&quot;transition&quot;,&quot;scroll_direction&quot;:&quot;up&quot;,&quot;transition_speed&quot;:&quot;1&quot;,&quot;fade_type&quot;:&quot;in&quot;,&quot;scale_type&quot;:&quot;up&quot;,&quot;initial_scale&quot;:&quot;1&quot;,&quot;max_scale&quot;:&quot;1.5&quot;,&quot;min_scale&quot;:&quot;0.5&quot;,&quot;initial_rotate&quot;:&quot;0&quot;,&quot;end_rotate&quot;:&quot;30&quot;,&quot;initial_blur&quot;:&quot;0&quot;,&quot;end_blur&quot;:&quot;3&quot;,&quot;start_element&quot;:&quot;top&quot;,&quot;start_viewport&quot;:&quot;bottom&quot;,&quot;end_element&quot;:&quot;bottom&quot;,&quot;end_viewport&quot;:&quot;top&quot;,&quot;mouse_effect&quot;:&quot;track&quot;,&quot;mouse_effect_direction&quot;:&quot;opposite&quot;,&quot;mouse_effect_speed&quot;:&quot;2&quot;,&quot;infinite_animation&quot;:&quot;float&quot;,&quot;infinite_animation_speed&quot;:&quot;2&quot;}]\" data-scroll-devices=\"small-visibility,medium-visibility,large-visibility\"><div class=\"fusion-column-wrapper fusion-column-has-shadow fusion-flex-justify-content-space-between fusion-content-layout-column\"><\/div><\/div><\/div><\/div><div class=\"fusion-fullwidth fullwidth-box fusion-builder-row-2 fusion-flex-container has-pattern-background has-mask-background nonhundred-percent-fullwidth non-hundred-percent-height-scrolling\" style=\"--awb-border-radius-top-left:0px;--awb-border-radius-top-right:0px;--awb-border-radius-bottom-right:0px;--awb-border-radius-bottom-left:0px;--awb-padding-top:100px;--awb-padding-bottom:10px;--awb-padding-top-small:30px;--awb-padding-right-small:10%;--awb-padding-bottom-small:20px;--awb-padding-left-small:10%;--awb-flex-wrap:wrap;\" ><div class=\"fusion-builder-row fusion-row fusion-flex-align-items-flex-start fusion-flex-content-wrap\" style=\"max-width:1248px;margin-left: calc(-4% \/ 2 );margin-right: calc(-4% \/ 2 );\"><div class=\"fusion-layout-column fusion_builder_column fusion-builder-column-3 fusion_builder_column_1_1 1_1 fusion-flex-column\" style=\"--awb-bg-size:cover;--awb-width-large:100%;--awb-margin-top-large:0px;--awb-spacing-right-large:1.92%;--awb-margin-bottom-large:20px;--awb-spacing-left-large:1.92%;--awb-width-medium:100%;--awb-order-medium:0;--awb-spacing-right-medium:1.92%;--awb-spacing-left-medium:1.92%;--awb-width-small:100%;--awb-order-small:0;--awb-spacing-right-small:1.92%;--awb-spacing-left-small:1.92%;\"><div class=\"fusion-column-wrapper fusion-column-has-shadow fusion-flex-justify-content-flex-start fusion-content-layout-column\"><div class=\"fusion-text fusion-text-1\"><p>Este sitio web utiliza cookies propias y de terceros para ofrecerle una mejor experiencia y servicio. Al navegar o utilizar nuestros servicios el usuario acepta el uso que hacemos de las cookies. Sin embargo, el usuario tiene la opci\u00f3n de impedir la generaci\u00f3n de cookies y la eliminaci\u00f3n de las mismas.<\/p>\n<h4><strong>\u00bfQU\u00c9 ES UNA COOKIE?<\/strong><\/h4>\n<p>Una cookie es un peque\u00f1o fragmento de texto que los sitios Web env\u00edan al navegador y que se almacenan en el terminal del usuario, el cual puede ser un ordenador personal, un tel\u00e9fono m\u00f3vil, tablet, etc. Estos archivos permiten que el sitio Web recuerde informaci\u00f3n sobre su visita, como el idioma y las opciones preferidas, lo que puede facilitar su pr\u00f3xima visita y hacer que el sitio resulte m\u00e1s \u00fatil al personalizar su contenido. Las cookies desempe\u00f1an un papel muy importante, al mejorar la experiencia de uso de la Web.<\/p>\n<h4><strong>TIPOS DE COOKIES <\/strong><\/h4>\n<p>Seg\u00fan la entidad que las gestione, las cookies pueden ser:<\/p>\n<ul>\n<li><strong>Cookies propias<\/strong>: Son aquellas que se env\u00edan al equipo terminal del interesado desde un equipo o dominio gestionado por el propio editor y desde el que se presta el servicio solicitado por el usuario.<\/li>\n<li><strong>Cookies de tercero<\/strong>: Son aquellas que se env\u00edan al equipo terminal del usuario desde un equipo o dominio que no es gestionado por el editor, sino por otra entidad que trata los datos obtenidos trav\u00e9s de las cookies.<\/li>\n<\/ul>\n<p>Seg\u00fan el plazo de tiempo que permanecen activadas:<\/p>\n<ul>\n<li><strong>Cookies de sesi\u00f3n<\/strong>: Son un tipo de cookies dise\u00f1adas para recabar y almacenar datos mientras el usuario accede a una p\u00e1gina web. Se suelen emplear para almacenar informaci\u00f3n que solo interesa conservar para la prestaci\u00f3n del servicio solicitado por el usuario en una sola ocasi\u00f3n.<\/li>\n<li><strong>Cookies persistentes<\/strong>: Son un tipo de cookies en el que los datos siguen almacenados en el terminal y pueden ser accedidos y tratados durante un periodo definido por el responsable de la cookie, y que puede ir de unos minutos a varios a\u00f1os.<\/li>\n<\/ul>\n<p>Seg\u00fan la finalidad para la que se traten los datos obtenidos a trav\u00e9s de las cookies, la web puede utilizar:<\/p>\n<ul>\n<li><strong>Cookies t\u00e9cnicas<\/strong>:Son aqu\u00e9llas que permiten al usuario la navegaci\u00f3n a trav\u00e9s de la p\u00e1gina web o aplicaci\u00f3n y la utilizaci\u00f3n de las diferentes opciones o servicios que en ella existen. Por ejemplo, controlar el tr\u00e1fico y la comunicaci\u00f3n de datos, identificar la sesi\u00f3n, acceder a las partes web de acceso restringido, recordar los elementos que integran un pedido, realizar la solicitud de inscripci\u00f3n o participaci\u00f3n en un evento, utilizar elementos de seguridad durante la navegaci\u00f3n y almacenar contenidos para la difusi\u00f3n de videos o sonido.<\/li>\n<li><strong>Cookies de personalizaci\u00f3n<\/strong>:Son aqu\u00e9llas que permiten al usuario acceder al servicio con algunas caracter\u00edsticas de car\u00e1cter general predefinidas en su terminal o que el propio usuario defina. Por ejemplo, el idioma, el tipo de navegador a trav\u00e9s del cual accede al servicio, el dise\u00f1o de contenidos seleccionado, geolocalizaci\u00f3n del terminal y la configuraci\u00f3n regional desde donde se accede al servicio.<\/li>\n<li><strong>Cookies publicitarias<\/strong>:Son aquellas que permiten la gesti\u00f3n eficaz de los espacios publicitarios que se han incluido en la p\u00e1gina web o aplicaci\u00f3n desde la que se presta el servicio. Permiten adecuar el contenido de la publicidad para que esta sea relevante para el usuario y para evitar mostrar anuncios que el usuario ya haya visto.<\/li>\n<li><strong>Cookies de an\u00e1lisis estad\u00edstico<\/strong>:Son aqu\u00e9llas que permiten realizar el seguimiento y an\u00e1lisis del comportamiento de los usuarios en los sitios web. La informaci\u00f3n recogida mediante este tipo de cookies se utiliza en la medici\u00f3n de la actividad de los sitios web, aplicaci\u00f3n o plataforma y para la elaboraci\u00f3n de perfiles de navegaci\u00f3n de los usuarios de dichos sitios, con el fin de introducir mejoras en el servicio en funci\u00f3n de los datos de uso que hacen los usuarios.<\/li>\n<\/ul>\n<p><strong>Las cookies utilizadas en este sitio web las puede ver en el panel de configuraci\u00f3n\u00a0y ajustar su configuraci\u00f3n en cualquier momento.<\/strong><\/p>\n<p><strong>La identificaci\u00f3n de qui\u00e9n utiliza las cookies, el tipo de cookies utilizadas y dem\u00e1s detalles, se indica a continuaci\u00f3n:<\/strong><\/p>\n<p>Relaci\u00f3n de cookies utilizadas:<\/p>\n<\/div>\n<div class=\"table-1\">\n<table width=\"100%\">\n<thead>\n<tr>\n<th align=\"left\"><strong>Finalidad<\/strong><\/th>\n<th align=\"left\"><strong>Nombre de la Cookie<\/strong><\/th>\n<th align=\"left\"><strong>Propiedad<\/strong><\/th>\n<th align=\"left\"><strong>Descripci\u00f3n<\/strong><\/th>\n<th align=\"left\"><strong>Tiempo de conservaci\u00f3n<\/strong><\/th>\n<th align=\"left\"><strong>Requiere consentimiento<\/strong><\/th>\n<\/tr>\n<\/thead>\n<tbody>\n<tr>\n<td align=\"left\">Necesaria<\/td>\n<td align=\"left\">GRECAPTCHA<\/td>\n<td align=\"left\">www.google.com<\/td>\n<td align=\"left\">Google reCAPTCHA establece una cookie necesaria (_GRECAPTCHA) cuando se ejecuta con el fin de proporcionar su an\u00e1lisis de riesgo.<\/td>\n<td align=\"left\">6 meses<\/td>\n<td align=\"left\">NO<\/td>\n<\/tr>\n<tr>\n<td align=\"left\">Preferencias<\/td>\n<td align=\"left\">YSC<\/td>\n<td align=\"left\">youtube.com<\/td>\n<td align=\"left\">YouTube configura esta cookie para rastrear las vistas de videos incrustados.<\/td>\n<td align=\"left\">Sesi\u00f3n<\/td>\n<td align=\"left\">SI<\/td>\n<\/tr>\n<tr>\n<td align=\"left\">Preferencias<\/td>\n<td align=\"left\">VISITOR_INFO1_LIVE<\/td>\n<td align=\"left\">youtube.com<\/td>\n<td align=\"left\">Youtube establece esta cookie para realizar un seguimiento de las preferencias del usuario para los videos de Youtube incrustados en los sitios; tambi\u00e9n puede determinar si el visitante del sitio web est\u00e1 utilizando la versi\u00f3n nueva o antigua de la interfaz de Youtube.<\/td>\n<td align=\"left\">6 meses<\/td>\n<td align=\"left\">SI<\/td>\n<\/tr>\n<tr>\n<td align=\"left\">Funcionalidad<\/td>\n<td align=\"left\">wp-wpml_current_language<\/td>\n<td align=\"left\">dissalud.com<\/td>\n<td align=\"left\">Almacena el idioma actual. De forma predeterminada, esta cookie est\u00e1 configurada solo para usuarios que han iniciado sesi\u00f3n. Si habilita la cookie de idioma para admitir el filtrado AJAX, esta cookie tambi\u00e9n se establecer\u00e1 para los usuarios que no hayan iniciado sesi\u00f3n.<\/td>\n<td align=\"left\">Sesi\u00f3n<\/td>\n<td align=\"left\">SI<\/td>\n<\/tr>\n<\/tbody>\n<\/table>\n<\/div>\n<div class=\"fusion-text fusion-text-2\"><h4><strong>C\u00d3MO ADMINISTRAR COOKIES EN EL NAVEGADOR?<\/strong><\/h4>\n<p>El usuario tiene la opci\u00f3n de permitir, bloquear o eliminar las cookies instaladas en su equipo mediante la configuraci\u00f3n de las opciones del navegador instalado en su terminal:<\/p>\n<ul>\n<li><strong>Firefox<\/strong>: <a href=\"http:\/\/support.mozilla.org\/es\/kb\/habilitar-y-deshabilitar-cookies-que-los-sitios-we\">http:\/\/support.mozilla.org\/es\/kb\/habilitar-y-deshabilitar-cookies-que-los-sitios-we<\/a><\/li>\n<li><strong>Chrome<\/strong>: <a href=\"http:\/\/support.google.com\/chrome\/bin\/answer.py?hl=es&amp;answer=95647\">http:\/\/support.google.com\/chrome\/bin\/answer.py?hl=es&amp;answer=95647<\/a><\/li>\n<li><strong>Internet Explorer<\/strong>: <a href=\"https:\/\/support.microsoft.com\/es-es\/help\/278835\/how-to-delete-cookie-files-in-internet-explorer\">https:\/\/support.microsoft.com\/es-es\/help\/278835\/how-to-delete-cookie-files-in-internet-explorer<\/a><\/li>\n<li><strong>Microsoft Edge: <\/strong><a href=\"https:\/\/support.microsoft.com\/es-es\/help\/4468242\/microsoft-edge-browsing-data-and-privacy-microsoft-privacy\">https:\/\/support.microsoft.com\/es-es\/help\/4468242\/microsoft-edge-browsing-data-and-privacy-microsoft-privacy<\/a><\/li>\n<li><strong>Safari<\/strong>: <a href=\"http:\/\/support.apple.com\/kb\/ph5042\">http:\/\/support.apple.com\/kb\/ph5042<\/a><\/li>\n<li><strong>Opera<\/strong>: <a href=\"http:\/\/help.opera.com\/Windows\/11.50\/es-ES\/cookies.html\">http:\/\/help.opera.com\/Windows\/11.50\/es-ES\/cookies.html<\/a><\/li>\n<\/ul>\n<p>En algunos navegadores se pueden configurar reglas espec\u00edficas para administrar cookies por sitio web, lo que ofrece un control m\u00e1s preciso sobre la privacidad. Esto significa que se puede inhabilitar cookies de todos los sitios salvo de aquellos en los que se conf\u00ede.<\/p>\n<\/div><\/div><\/div><\/div><\/div><\/p>\n","protected":false},"excerpt":{"rendered":"","protected":false},"author":1,"featured_media":0,"parent":0,"menu_order":0,"comment_status":"closed","ping_status":"closed","template":"100-width.php","meta":{"footnotes":""},"class_list":["post-675","page","type-page","status-publish","hentry"],"yoast_head":"<!-- This site is optimized with the Yoast SEO plugin v27.3 - https:\/\/yoast.com\/product\/yoast-seo-wordpress\/ -->\n<title>Pol\u00edtica de cookies - Dissalud<\/title>\n<meta name=\"robots\" content=\"index, follow, max-snippet:-1, max-image-preview:large, max-video-preview:-1\" \/>\n<link rel=\"canonical\" href=\"https:\/\/dissalud.com\/es\/politica-de-cookies\/\" \/>\n<meta property=\"og:locale\" content=\"es_ES\" \/>\n<meta property=\"og:type\" content=\"article\" \/>\n<meta property=\"og:title\" content=\"Pol\u00edtica de cookies - Dissalud\" \/>\n<meta property=\"og:url\" content=\"https:\/\/dissalud.com\/es\/politica-de-cookies\/\" \/>\n<meta property=\"og:site_name\" content=\"Dissalud\" \/>\n<meta property=\"article:publisher\" content=\"https:\/\/www.facebook.com\/dissaludlleida\/\" \/>\n<meta property=\"article:modified_time\" content=\"2023-12-11T12:07:10+00:00\" \/>\n<meta property=\"og:image\" content=\"https:\/\/dissalud.com\/wp-content\/uploads\/2025\/02\/LOGO_DISSALUD-1.jpg\" \/>\n\t<meta property=\"og:image:width\" content=\"225\" \/>\n\t<meta property=\"og:image:height\" content=\"225\" \/>\n\t<meta property=\"og:image:type\" content=\"image\/jpeg\" \/>\n<meta name=\"twitter:card\" content=\"summary_large_image\" \/>\n<meta name=\"twitter:label1\" content=\"Tiempo de lectura\" \/>\n\t<meta name=\"twitter:data1\" content=\"12 minutos\" \/>\n<script type=\"application\/ld+json\" class=\"yoast-schema-graph\">{\"@context\":\"https:\\\/\\\/schema.org\",\"@graph\":[{\"@type\":\"WebPage\",\"@id\":\"https:\\\/\\\/dissalud.com\\\/es\\\/politica-de-cookies\\\/\",\"url\":\"https:\\\/\\\/dissalud.com\\\/es\\\/politica-de-cookies\\\/\",\"name\":\"Pol\u00edtica de cookies - Dissalud\",\"isPartOf\":{\"@id\":\"https:\\\/\\\/dissalud.com\\\/#website\"},\"datePublished\":\"2023-09-25T11:37:48+00:00\",\"dateModified\":\"2023-12-11T12:07:10+00:00\",\"breadcrumb\":{\"@id\":\"https:\\\/\\\/dissalud.com\\\/es\\\/politica-de-cookies\\\/#breadcrumb\"},\"inLanguage\":\"es\",\"potentialAction\":[{\"@type\":\"ReadAction\",\"target\":[\"https:\\\/\\\/dissalud.com\\\/es\\\/politica-de-cookies\\\/\"]}]},{\"@type\":\"BreadcrumbList\",\"@id\":\"https:\\\/\\\/dissalud.com\\\/es\\\/politica-de-cookies\\\/#breadcrumb\",\"itemListElement\":[{\"@type\":\"ListItem\",\"position\":1,\"name\":\"Home\",\"item\":\"https:\\\/\\\/dissalud.com\\\/es\\\/\"},{\"@type\":\"ListItem\",\"position\":2,\"name\":\"Pol\u00edtica de cookies\"}]},{\"@type\":\"WebSite\",\"@id\":\"https:\\\/\\\/dissalud.com\\\/#website\",\"url\":\"https:\\\/\\\/dissalud.com\\\/\",\"name\":\"Dissalud\",\"description\":\"Ortop\u00e8dia i productes de suport\",\"publisher\":{\"@id\":\"https:\\\/\\\/dissalud.com\\\/#organization\"},\"potentialAction\":[{\"@type\":\"SearchAction\",\"target\":{\"@type\":\"EntryPoint\",\"urlTemplate\":\"https:\\\/\\\/dissalud.com\\\/?s={search_term_string}\"},\"query-input\":{\"@type\":\"PropertyValueSpecification\",\"valueRequired\":true,\"valueName\":\"search_term_string\"}}],\"inLanguage\":\"es\"},{\"@type\":\"Organization\",\"@id\":\"https:\\\/\\\/dissalud.com\\\/#organization\",\"name\":\"Dissalud\",\"url\":\"https:\\\/\\\/dissalud.com\\\/\",\"logo\":{\"@type\":\"ImageObject\",\"inLanguage\":\"es\",\"@id\":\"https:\\\/\\\/dissalud.com\\\/#\\\/schema\\\/logo\\\/image\\\/\",\"url\":\"https:\\\/\\\/dissalud.com\\\/wp-content\\\/uploads\\\/2025\\\/02\\\/LOGO_DISSALUD.jpg\",\"contentUrl\":\"https:\\\/\\\/dissalud.com\\\/wp-content\\\/uploads\\\/2025\\\/02\\\/LOGO_DISSALUD.jpg\",\"width\":225,\"height\":225,\"caption\":\"Dissalud\"},\"image\":{\"@id\":\"https:\\\/\\\/dissalud.com\\\/#\\\/schema\\\/logo\\\/image\\\/\"},\"sameAs\":[\"https:\\\/\\\/www.facebook.com\\\/dissaludlleida\\\/\",\"https:\\\/\\\/www.instagram.com\\\/ortopedia_dissalud\\\/\"]}]}<\/script>\n<!-- \/ Yoast SEO plugin. -->","yoast_head_json":{"title":"Pol\u00edtica de cookies - Dissalud","robots":{"index":"index","follow":"follow","max-snippet":"max-snippet:-1","max-image-preview":"max-image-preview:large","max-video-preview":"max-video-preview:-1"},"canonical":"https:\/\/dissalud.com\/es\/politica-de-cookies\/","og_locale":"es_ES","og_type":"article","og_title":"Pol\u00edtica de cookies - Dissalud","og_url":"https:\/\/dissalud.com\/es\/politica-de-cookies\/","og_site_name":"Dissalud","article_publisher":"https:\/\/www.facebook.com\/dissaludlleida\/","article_modified_time":"2023-12-11T12:07:10+00:00","og_image":[{"width":225,"height":225,"url":"https:\/\/dissalud.com\/wp-content\/uploads\/2025\/02\/LOGO_DISSALUD-1.jpg","type":"image\/jpeg"}],"twitter_card":"summary_large_image","twitter_misc":{"Tiempo de lectura":"12 minutos"},"schema":{"@context":"https:\/\/schema.org","@graph":[{"@type":"WebPage","@id":"https:\/\/dissalud.com\/es\/politica-de-cookies\/","url":"https:\/\/dissalud.com\/es\/politica-de-cookies\/","name":"Pol\u00edtica de cookies - Dissalud","isPartOf":{"@id":"https:\/\/dissalud.com\/#website"},"datePublished":"2023-09-25T11:37:48+00:00","dateModified":"2023-12-11T12:07:10+00:00","breadcrumb":{"@id":"https:\/\/dissalud.com\/es\/politica-de-cookies\/#breadcrumb"},"inLanguage":"es","potentialAction":[{"@type":"ReadAction","target":["https:\/\/dissalud.com\/es\/politica-de-cookies\/"]}]},{"@type":"BreadcrumbList","@id":"https:\/\/dissalud.com\/es\/politica-de-cookies\/#breadcrumb","itemListElement":[{"@type":"ListItem","position":1,"name":"Home","item":"https:\/\/dissalud.com\/es\/"},{"@type":"ListItem","position":2,"name":"Pol\u00edtica de cookies"}]},{"@type":"WebSite","@id":"https:\/\/dissalud.com\/#website","url":"https:\/\/dissalud.com\/","name":"Dissalud","description":"Ortop\u00e8dia i productes de suport","publisher":{"@id":"https:\/\/dissalud.com\/#organization"},"potentialAction":[{"@type":"SearchAction","target":{"@type":"EntryPoint","urlTemplate":"https:\/\/dissalud.com\/?s={search_term_string}"},"query-input":{"@type":"PropertyValueSpecification","valueRequired":true,"valueName":"search_term_string"}}],"inLanguage":"es"},{"@type":"Organization","@id":"https:\/\/dissalud.com\/#organization","name":"Dissalud","url":"https:\/\/dissalud.com\/","logo":{"@type":"ImageObject","inLanguage":"es","@id":"https:\/\/dissalud.com\/#\/schema\/logo\/image\/","url":"https:\/\/dissalud.com\/wp-content\/uploads\/2025\/02\/LOGO_DISSALUD.jpg","contentUrl":"https:\/\/dissalud.com\/wp-content\/uploads\/2025\/02\/LOGO_DISSALUD.jpg","width":225,"height":225,"caption":"Dissalud"},"image":{"@id":"https:\/\/dissalud.com\/#\/schema\/logo\/image\/"},"sameAs":["https:\/\/www.facebook.com\/dissaludlleida\/","https:\/\/www.instagram.com\/ortopedia_dissalud\/"]}]}},"_links":{"self":[{"href":"https:\/\/dissalud.com\/es\/wp-json\/wp\/v2\/pages\/675","targetHints":{"allow":["GET"]}}],"collection":[{"href":"https:\/\/dissalud.com\/es\/wp-json\/wp\/v2\/pages"}],"about":[{"href":"https:\/\/dissalud.com\/es\/wp-json\/wp\/v2\/types\/page"}],"author":[{"embeddable":true,"href":"https:\/\/dissalud.com\/es\/wp-json\/wp\/v2\/users\/1"}],"replies":[{"embeddable":true,"href":"https:\/\/dissalud.com\/es\/wp-json\/wp\/v2\/comments?post=675"}],"version-history":[{"count":4,"href":"https:\/\/dissalud.com\/es\/wp-json\/wp\/v2\/pages\/675\/revisions"}],"predecessor-version":[{"id":4200,"href":"https:\/\/dissalud.com\/es\/wp-json\/wp\/v2\/pages\/675\/revisions\/4200"}],"wp:attachment":[{"href":"https:\/\/dissalud.com\/es\/wp-json\/wp\/v2\/media?parent=675"}],"curies":[{"name":"wp","href":"https:\/\/api.w.org\/{rel}","templated":true}]}}